{"id":23,"date":"2025-11-07T10:14:21","date_gmt":"2025-11-07T10:14:21","guid":{"rendered":"https:\/\/et-weiden.de\/?page_id=23"},"modified":"2025-12-06T17:52:34","modified_gmt":"2025-12-06T17:52:34","slug":"home","status":"publish","type":"page","link":"https:\/\/et-weiden.de\/","title":{"rendered":"STARTSEITE"},"content":{"rendered":"<div class=\"wp-block-image\">\n<figure class=\"aligncenter size-full\"><img loading=\"lazy\" decoding=\"async\" width=\"1536\" height=\"997\" src=\"https:\/\/et-weiden.de\/wp-content\/uploads\/2025\/11\/Baustelle2.jpg\" alt=\"\" class=\"wp-image-106\" style=\"aspect-ratio:1.7777777777777777;object-fit:cover\" srcset=\"https:\/\/et-weiden.de\/wp-content\/uploads\/2025\/11\/Baustelle2.jpg 1536w, https:\/\/et-weiden.de\/wp-content\/uploads\/2025\/11\/Baustelle2-300x195.jpg 300w, https:\/\/et-weiden.de\/wp-content\/uploads\/2025\/11\/Baustelle2-1024x665.jpg 1024w, https:\/\/et-weiden.de\/wp-content\/uploads\/2025\/11\/Baustelle2-768x499.jpg 768w\" sizes=\"auto, (max-width: 1536px) 100vw, 1536px\" \/><\/figure>\n<\/div>\n\n\n<div class=\"wp-block-group\"><div class=\"wp-block-group__inner-container is-layout-constrained wp-block-group-is-layout-constrained\">\n<h2 data-start=\"312\" data-end=\"392\"><strong data-start=\"312\" data-end=\"392\">Willkommen bei ETW <br \/>Ihrem Partner f\u00fcr Elektro- und Automatisierungstechnik.<\/strong><\/h2>\n<h4 data-start=\"394\" data-end=\"667\">Seit \u00fcber <strong data-start=\"404\" data-end=\"417\">30 Jahren<\/strong> stehen wir f\u00fcr <strong data-start=\"433\" data-end=\"508\">zuverl\u00e4ssige Planung, pr\u00e4zise Umsetzung und h\u00f6chste technische Qualit\u00e4t<\/strong>.<br data-start=\"509\" data-end=\"512\" \/>Unsere Erfahrung aus drei Jahrzehnten Praxis verbindet sich mit modernster Technologie f\u00fcr L\u00f6sungen, die sicher funktionieren und langfristig \u00fcberzeugen.<\/h4>\n<h4 data-start=\"669\" data-end=\"888\">Ob Neuinstallation, Modernisierung, Automatisierungsprojekt oder individuelle Sonderl\u00f6sung:<br data-start=\"760\" data-end=\"763\" \/>Wir begleiten Sie <strong data-start=\"781\" data-end=\"828\">von der ersten Idee bis zur finalen Abnahme<\/strong>. Verbindlich, effizient und mit dem Blick f\u00fcrs Wesentliche.<\/h4>\n<h4 data-start=\"890\" data-end=\"927\"><strong data-start=\"890\" data-end=\"927\">Unsere Kunden sch\u00e4tzen besonders:<\/strong><\/h4>\n<p>\u26a1klar strukturierte Planung<\/p>\n<p>\u26a1fachliche Kompetenz auf Meister- und Ingenieursebene<\/p>\n<p>\u26a1zuverl\u00e4ssige Projektabwicklung<\/p>\n<p>\u26a1ehrliche Beratung &amp; nachvollziehbare L\u00f6sungen<\/p>\n<p>\u26a1langlebige, sauber installierte Technik<\/p>\n<h4 data-start=\"1147\" data-end=\"1283\">Mit ETW entscheiden Sie sich f\u00fcr einen Partner, der <strong data-start=\"1199\" data-end=\"1238\">nicht nur liefert, sondern mitdenkt<\/strong> \u2013 und f\u00fcr Qualit\u00e4t, die man sieht und sp\u00fcrt.<\/h4>\n<h4 data-start=\"1285\" data-end=\"1364\"><strong data-start=\"1285\" data-end=\"1320\">Wir freuen uns auf Ihr Projekt.<\/strong><br data-start=\"1320\" data-end=\"1323\" \/>Verl\u00e4sslich. Pr\u00e4zise. Zukunftsorientiert.<\/h4>\n<\/div><\/div>\n\n\n<h3><a href=\"https:\/\/et-weiden.de\/?page_id=35\">KONTAKT<\/a><\/h3>","protected":false},"excerpt":{"rendered":"<p>Willkommen bei ETW Ihrem Partner f\u00fcr Elektro- und Automatisierungstechnik. Seit \u00fcber 30 Jahren stehen wir f\u00fcr zuverl\u00e4ssige Planung, pr\u00e4zise Umsetzung und h\u00f6chste technische Qualit\u00e4t.Unsere Erfahrung&hellip;<\/p>\n","protected":false},"author":1,"featured_media":0,"parent":0,"menu_order":0,"comment_status":"closed","ping_status":"closed","template":"","meta":{"footnotes":""},"class_list":["post-23","page","type-page","status-publish","hentry"],"_links":{"self":[{"href":"https:\/\/et-weiden.de\/index.php?rest_route=\/wp\/v2\/pages\/23","targetHints":{"allow":["GET"]}}],"collection":[{"href":"https:\/\/et-weiden.de\/index.php?rest_route=\/wp\/v2\/pages"}],"about":[{"href":"https:\/\/et-weiden.de\/index.php?rest_route=\/wp\/v2\/types\/page"}],"author":[{"embeddable":true,"href":"https:\/\/et-weiden.de\/index.php?rest_route=\/wp\/v2\/users\/1"}],"replies":[{"embeddable":true,"href":"https:\/\/et-weiden.de\/index.php?rest_route=%2Fwp%2Fv2%2Fcomments&post=23"}],"version-history":[{"count":24,"href":"https:\/\/et-weiden.de\/index.php?rest_route=\/wp\/v2\/pages\/23\/revisions"}],"predecessor-version":[{"id":128,"href":"https:\/\/et-weiden.de\/index.php?rest_route=\/wp\/v2\/pages\/23\/revisions\/128"}],"wp:attachment":[{"href":"https:\/\/et-weiden.de\/index.php?rest_route=%2Fwp%2Fv2%2Fmedia&parent=23"}],"curies":[{"name":"wp","href":"https:\/\/api.w.org\/{rel}","templated":true}]}}